{"id":34258,"date":"2026-02-24T11:05:25","date_gmt":"2026-02-24T10:05:25","guid":{"rendered":"https:\/\/camping-lescale-agde.com\/?page_id=34258"},"modified":"2026-02-25T12:37:39","modified_gmt":"2026-02-25T11:37:39","slug":"tarifsreservation","status":"publish","type":"page","link":"https:\/\/camping-lescale-agde.com\/fr\/tarifsreservation","title":{"rendered":"Tarifs&amp;r\u00e9servation"},"content":{"rendered":"<p>[et_pb_section fb_built=\u00a0\u00bb1&Prime; theme_builder_area=\u00a0\u00bbpost_content\u00a0\u00bb _builder_version=\u00a0\u00bb4.27.4&Prime; _module_preset=\u00a0\u00bbdefault\u00a0\u00bb][et_pb_row _builder_version=\u00a0\u00bb4.27.4&Prime; _module_preset=\u00a0\u00bbdefault\u00a0\u00bb theme_builder_area=\u00a0\u00bbpost_content\u00a0\u00bb][et_pb_column _builder_version=\u00a0\u00bb4.27.4&Prime; _module_preset=\u00a0\u00bbdefault\u00a0\u00bb type=\u00a0\u00bb4_4&Prime; theme_builder_area=\u00a0\u00bbpost_content\u00a0\u00bb][et_pb_text _builder_version=\u00a0\u00bb4.27.4&Prime; _module_preset=\u00a0\u00bbdefault\u00a0\u00bb theme_builder_area=\u00a0\u00bbpost_content\u00a0\u00bb hover_enabled=\u00a0\u00bb0&Prime; sticky_enabled=\u00a0\u00bb0&Prime; text_orientation=\u00a0\u00bbcenter\u00a0\u00bb]<\/p>\n<h1>R\u00e9servez votre s\u00e9jour<\/h1>\n<p>[\/et_pb_text][et_pb_text _builder_version=\u00a0\u00bb4.27.4&Prime; _module_preset=\u00a0\u00bbdefault\u00a0\u00bb theme_builder_area=\u00a0\u00bbpost_content\u00a0\u00bb hover_enabled=\u00a0\u00bb0&Prime; sticky_enabled=\u00a0\u00bb0&Prime;]<\/p>\n<p>Consultez nos disponibilit\u00e9s en temps r\u00e9el et r\u00e9servez directement votre mobilhome pour vos prochaines vacances. Vous serez redirig\u00e9 vers notre plateforme s\u00e9curis\u00e9e de r\u00e9servation pour finaliser votre demande.<\/p>\n<p>[\/et_pb_text][\/et_pb_column][\/et_pb_row][et_pb_row _builder_version=\u00a0\u00bb4.27.4&Prime; _module_preset=\u00a0\u00bbdefault\u00a0\u00bb theme_builder_area=\u00a0\u00bbpost_content\u00a0\u00bb][et_pb_column _builder_version=\u00a0\u00bb4.27.4&Prime; _module_preset=\u00a0\u00bbdefault\u00a0\u00bb type=\u00a0\u00bb4_4&Prime; theme_builder_area=\u00a0\u00bbpost_content\u00a0\u00bb hover_enabled=\u00a0\u00bb0&Prime; sticky_enabled=\u00a0\u00bb0&Prime;][et_pb_code _builder_version=\u00a0\u00bb4.27.4&Prime; _module_preset=\u00a0\u00bbdefault\u00a0\u00bb theme_builder_area=\u00a0\u00bbpost_content\u00a0\u00bb hover_enabled=\u00a0\u00bb0&Prime; sticky_enabled=\u00a0\u00bb0&Prime;]<ctv-availability><\/ctv-availability>[\/et_pb_code][\/et_pb_column][\/et_pb_row][\/et_pb_section]<\/p>\n","protected":false},"excerpt":{"rendered":"<p>R\u00e9servez votre s\u00e9jourConsultez nos disponibilit\u00e9s en temps r\u00e9el et r\u00e9servez directement votre mobilhome pour vos prochaines vacances. Vous serez redirig\u00e9 vers notre plateforme s\u00e9curis\u00e9e de r\u00e9servation pour finaliser votre demande.<\/p>\n","protected":false},"author":1,"featured_media":0,"parent":0,"menu_order":0,"comment_status":"closed","ping_status":"closed","template":"","meta":{"_et_pb_use_builder":"on","_et_pb_old_content":"","_et_gb_content_width":"","footnotes":""},"class_list":["post-34258","page","type-page","status-publish","hentry"],"_links":{"self":[{"href":"https:\/\/camping-lescale-agde.com\/fr\/wp-json\/wp\/v2\/pages\/34258","targetHints":{"allow":["GET"]}}],"collection":[{"href":"https:\/\/camping-lescale-agde.com\/fr\/wp-json\/wp\/v2\/pages"}],"about":[{"href":"https:\/\/camping-lescale-agde.com\/fr\/wp-json\/wp\/v2\/types\/page"}],"author":[{"embeddable":true,"href":"https:\/\/camping-lescale-agde.com\/fr\/wp-json\/wp\/v2\/users\/1"}],"replies":[{"embeddable":true,"href":"https:\/\/camping-lescale-agde.com\/fr\/wp-json\/wp\/v2\/comments?post=34258"}],"version-history":[{"count":5,"href":"https:\/\/camping-lescale-agde.com\/fr\/wp-json\/wp\/v2\/pages\/34258\/revisions"}],"predecessor-version":[{"id":34473,"href":"https:\/\/camping-lescale-agde.com\/fr\/wp-json\/wp\/v2\/pages\/34258\/revisions\/34473"}],"wp:attachment":[{"href":"https:\/\/camping-lescale-agde.com\/fr\/wp-json\/wp\/v2\/media?parent=34258"}],"curies":[{"name":"wp","href":"https:\/\/api.w.org\/{rel}","templated":true}]}}