{"id":28867,"date":"2024-01-17T10:04:25","date_gmt":"2024-01-17T09:04:25","guid":{"rendered":"https:\/\/camping-lescale-agde.com\/?page_id=28867"},"modified":"2026-02-24T10:08:55","modified_gmt":"2026-02-24T09:08:55","slug":"mobilhomes-camping-escale-agde","status":"publish","type":"page","link":"https:\/\/camping-lescale-agde.com\/fr\/mobilhomes-camping-escale-agde.html","title":{"rendered":"Mobilhomes"},"content":{"rendered":"<p>[et_pb_section fb_built=\u00a0\u00bb1&Prime; _builder_version=\u00a0\u00bb4.23.4&Prime; _module_preset=\u00a0\u00bbdefault\u00a0\u00bb position_origin_a=\u00a0\u00bbtop_center\u00a0\u00bb position_origin_f=\u00a0\u00bbtop_center\u00a0\u00bb vertical_offset=\u00a0\u00bb-9px\u00a0\u00bb z_index=\u00a0\u00bb500&Prime; custom_margin=\u00a0\u00bb||-13px|||\u00a0\u00bb custom_padding=\u00a0\u00bb0px||0px||false|false\u00a0\u00bb global_colors_info=\u00a0\u00bb{}\u00a0\u00bb][et_pb_row _builder_version=\u00a0\u00bb4.23.4&Prime; _module_preset=\u00a0\u00bbdefault\u00a0\u00bb width=\u00a0\u00bb100%\u00a0\u00bb max_width=\u00a0\u00bb2560px\u00a0\u00bb custom_padding=\u00a0\u00bb0px||0px||false|false\u00a0\u00bb global_colors_info=\u00a0\u00bb{}\u00a0\u00bb][et_pb_column type=\u00a0\u00bb4_4&Prime; _builder_version=\u00a0\u00bb4.23.4&Prime; _module_preset=\u00a0\u00bbdefault\u00a0\u00bb global_colors_info=\u00a0\u00bb{}\u00a0\u00bb][et_pb_slider use_bg_overlay=\u00a0\u00bboff\u00a0\u00bb use_text_overlay=\u00a0\u00bboff\u00a0\u00bb arrows_custom_color=\u00a0\u00bbrgba(255,255,255,0.8)\u00a0\u00bb dot_nav_custom_color=\u00a0\u00bbrgba(255,255,255,0.8)\u00a0\u00bb _builder_version=\u00a0\u00bb4.27.4&Prime; _module_preset=\u00a0\u00bbdefault\u00a0\u00bb max_width=\u00a0\u00bb100%\u00a0\u00bb module_alignment=\u00a0\u00bbcenter\u00a0\u00bb content_max_width=\u00a0\u00bb100%\u00a0\u00bb min_height=\u00a0\u00bb100px\u00a0\u00bb height=\u00a0\u00bb728px\u00a0\u00bb custom_margin=\u00a0\u00bb||||false|false\u00a0\u00bb custom_padding=\u00a0\u00bb0px||0px|190px|false|false\u00a0\u00bb animation_style=\u00a0\u00bbfade\u00a0\u00bb animation_speed_curve=\u00a0\u00bblinear\u00a0\u00bb auto=\u00a0\u00bbon\u00a0\u00bb auto_speed=\u00a0\u00bb5000&Prime; box_shadow_style=\u00a0\u00bbpreset1&Prime; global_colors_info=\u00a0\u00bb{}\u00a0\u00bb][et_pb_slide _builder_version=\u00a0\u00bb4.25.0&Prime; _module_preset=\u00a0\u00bbdefault\u00a0\u00bb background_image=\u00a0\u00bbhttps:\/\/camping-lescale-agde.com\/wp-content\/uploads\/2024\/06\/camping-lescale_accueil_5.jpg\u00a0\u00bb background_enable_image=\u00a0\u00bbon\u00a0\u00bb global_colors_info=\u00a0\u00bb{}\u00a0\u00bb sticky_transition=\u00a0\u00bbon\u00a0\u00bb][\/et_pb_slide][et_pb_slide _builder_version=\u00a0\u00bb4.25.0&Prime; _module_preset=\u00a0\u00bbdefault\u00a0\u00bb background_image=\u00a0\u00bbhttps:\/\/camping-lescale-agde.com\/wp-content\/uploads\/2024\/06\/camping-lescale_super-titania_1.jpg\u00a0\u00bb background_enable_image=\u00a0\u00bbon\u00a0\u00bb global_colors_info=\u00a0\u00bb{}\u00a0\u00bb sticky_transition=\u00a0\u00bbon\u00a0\u00bb][\/et_pb_slide][et_pb_slide _builder_version=\u00a0\u00bb4.25.0&Prime; _module_preset=\u00a0\u00bbdefault\u00a0\u00bb background_image=\u00a0\u00bbhttps:\/\/camping-lescale-agde.com\/wp-content\/uploads\/2024\/06\/camping-lescale_super-venus_2.jpg\u00a0\u00bb background_enable_image=\u00a0\u00bbon\u00a0\u00bb global_colors_info=\u00a0\u00bb{}\u00a0\u00bb sticky_transition=\u00a0\u00bbon\u00a0\u00bb][\/et_pb_slide][et_pb_slide _builder_version=\u00a0\u00bb4.25.0&Prime; _module_preset=\u00a0\u00bbdefault\u00a0\u00bb background_image=\u00a0\u00bbhttps:\/\/camping-lescale-agde.com\/wp-content\/uploads\/2024\/06\/camping-lescale_titania_1-1.jpg\u00a0\u00bb background_enable_image=\u00a0\u00bbon\u00a0\u00bb global_colors_info=\u00a0\u00bb{}\u00a0\u00bb sticky_transition=\u00a0\u00bbon\u00a0\u00bb][\/et_pb_slide][et_pb_slide _builder_version=\u00a0\u00bb4.27.4&Prime; _module_preset=\u00a0\u00bbdefault\u00a0\u00bb background_image=\u00a0\u00bbhttps:\/\/camping-lescale-agde.com\/wp-content\/uploads\/2026\/02\/Ext-Venus.png\u00a0\u00bb background_enable_image=\u00a0\u00bbon\u00a0\u00bb global_colors_info=\u00a0\u00bb{}\u00a0\u00bb sticky_transition=\u00a0\u00bbon\u00a0\u00bb][\/et_pb_slide][\/et_pb_slider][\/et_pb_column][\/et_pb_row][\/et_pb_section][et_pb_section fb_built=\u00a0\u00bb1&Prime; _builder_version=\u00a0\u00bb4.23.4&Prime; _module_preset=\u00a0\u00bbdefault\u00a0\u00bb custom_margin=\u00a0\u00bb||-82px||false|false\u00a0\u00bb custom_padding=\u00a0\u00bb0px|0px|0px|0px|true|true\u00a0\u00bb global_colors_info=\u00a0\u00bb{}\u00a0\u00bb][et_pb_row _builder_version=\u00a0\u00bb4.23.4&Prime; _module_preset=\u00a0\u00bbdefault\u00a0\u00bb global_colors_info=\u00a0\u00bb{}\u00a0\u00bb][et_pb_column type=\u00a0\u00bb4_4&Prime; _builder_version=\u00a0\u00bb4.23.4&Prime; _module_preset=\u00a0\u00bbdefault\u00a0\u00bb global_colors_info=\u00a0\u00bb{}\u00a0\u00bb][et_pb_text _builder_version=\u00a0\u00bb4.24.2&Prime; _module_preset=\u00a0\u00bbdefault\u00a0\u00bb text_font=\u00a0\u00bbPoppins|300|||||||\u00a0\u00bb text_font_size=\u00a0\u00bb18px\u00a0\u00bb text_line_height=\u00a0\u00bb1.8em\u00a0\u00bb header_font=\u00a0\u00bbPoppins||||||||\u00a0\u00bb custom_margin=\u00a0\u00bb30px||||false|false\u00a0\u00bb text_font_size_tablet=\u00a0\u00bb15px\u00a0\u00bb text_font_size_phone=\u00a0\u00bb13px\u00a0\u00bb text_font_size_last_edited=\u00a0\u00bbon|phone\u00a0\u00bb global_colors_info=\u00a0\u00bb{}\u00a0\u00bb]<\/p>\n<header class=\"article-header clearfix\">\n<h1 class=\"article-title\" itemprop=\"headline\" style=\"text-align: center;\"><strong>Notre gamme de mobilhomes<\/strong><\/h1>\n<p><strong><\/strong><\/p>\n<p><strong><\/strong><\/p>\n<p><strong><\/strong><\/p>\n<\/header>\n<section class=\"row article-navigation top\"><\/section>\n<section class=\"article-full\">\n<div class=\"article-content-main\">\n<section class=\"article-content\" itemprop=\"articleBody\">\n<p style=\"text-align: justify;\">Le confort c&rsquo;est la cl\u00e9 pour un s\u00e9jour reposant. C&rsquo;est pour cette raison que nous vous proposons \u00e0\u00a0 la\u00a0location\u00a0une gamme de\u00a0mobilhomes\u00a0de qualit\u00e9.<br \/>H\u00e9bergements mobil-homes, au\u00a0camping caravaning l&rsquo;Escale\u00a0, dans l&rsquo;H\u00e9rault\u00a0\u00e0\u00a0 la Tamarissi\u00e8re (Agde), en\u00a0Languedoc.<\/p>\n<\/section>\n<\/div>\n<\/section>\n<p>[\/et_pb_text][\/et_pb_column][\/et_pb_row][et_pb_row _builder_version=\u00a0\u00bb4.23.4&Prime; _module_preset=\u00a0\u00bbdefault\u00a0\u00bb custom_padding=\u00a0\u00bb0px||0px||false|false\u00a0\u00bb global_colors_info=\u00a0\u00bb{}\u00a0\u00bb][et_pb_column type=\u00a0\u00bb4_4&Prime; _builder_version=\u00a0\u00bb4.23.4&Prime; _module_preset=\u00a0\u00bbdefault\u00a0\u00bb global_colors_info=\u00a0\u00bb{}\u00a0\u00bb][et_pb_button button_url=\u00a0\u00bbhttps:\/\/www.facebook.com\/sharer.php?app_id=&#038;channel_url=https%3A%2F%2Fstaticxx.facebook.com%2Fx%2Fconnect%2Fxd_arbiter%2F%3Fversion%3D46%23cb%3Df8448f7483e0b0b76%26domain%3Dwww.camping-lescale-agde.com%26is_canvas%3Dfalse%26origin%3Dhttps%253A%252F%252Fwww.camping-lescale-agde.com%252Ff514c6fcc9e1e7dc7%26relation%3Dopener&#038;display=popup&#038;e2e=%7B%7D&#038;fallback_redirect_uri=https%3A%2F%2Fwww.camping-lescale-agde.com%2Ffr%2Fcamping-escale-agde%2Fespace-boulodrome.html&#038;locale=fr_FR&#038;next=https%3A%2F%2Fstaticxx.facebook.com%2Fx%2Fconnect%2Fxd_arbiter%2F%3Fversion%3D46%23cb%3Df06fa617f55ed5619%26domain%3Dwww.camping-lescale-agde.com%26is_canvas%3Dfalse%26origin%3Dhttps%253A%252F%252Fwww.camping-lescale-agde.com%252Ff514c6fcc9e1e7dc7%26relation%3Dopener%26frame%3Df7371f71501714937%26result%3D%2522xxRESULTTOKENxx%2522&#038;sdk=joey&#038;u=https%3A%2F%2Fwww.camping-lescale-agde.com%2Ffr%2Fcamping-escale-agde%2Fespace-boulodrome.html&#038;version=v2.3&Prime; url_new_window=\u00a0\u00bbon\u00a0\u00bb button_text=\u00a0\u00bbPartagez votre exp\u00e9rience !\u00a0\u00bb button_alignment=\u00a0\u00bbcenter\u00a0\u00bb _builder_version=\u00a0\u00bb4.24.2&Prime; _module_preset=\u00a0\u00bbdefault\u00a0\u00bb custom_button=\u00a0\u00bbon\u00a0\u00bb button_text_color=\u00a0\u00bb#006197&Prime; button_bg_color=\u00a0\u00bbRGBA(255,255,255,0)\u00a0\u00bb button_border_color=\u00a0\u00bb#006197&Prime; button_font=\u00a0\u00bbPoppins||||||||\u00a0\u00bb button_icon=\u00a0\u00bb&#xe093;||divi||400&Prime; button_icon_color=\u00a0\u00bb#006197&Prime; button_icon_placement=\u00a0\u00bbleft\u00a0\u00bb button_on_hover=\u00a0\u00bboff\u00a0\u00bb button_text_size_tablet=\u00a0\u00bb17px\u00a0\u00bb button_text_size_phone=\u00a0\u00bb13px\u00a0\u00bb button_text_size_last_edited=\u00a0\u00bbon|phone\u00a0\u00bb global_colors_info=\u00a0\u00bb{%22gcid-443559f1-1fc1-46f6-ac0d-b4f5032700fe%22:%91%22button_text_color__hover%22,%22button_border_color__hover%22,%22button_icon_color__hover%22%93}\u00a0\u00bb button_text_color__hover_enabled=\u00a0\u00bbon|hover\u00a0\u00bb button_text_color__hover=\u00a0\u00bb#ad6305&Prime; button_bg_color__hover_enabled=\u00a0\u00bbon|hover\u00a0\u00bb button_border_color__hover_enabled=\u00a0\u00bbon|hover\u00a0\u00bb button_border_color__hover=\u00a0\u00bb#ad6305&Prime; button_icon_color__hover_enabled=\u00a0\u00bbon|hover\u00a0\u00bb button_icon_color__hover=\u00a0\u00bb#ad6305&Prime; button_bg_color__hover=\u00a0\u00bbRGBA(255,255,255,0)\u00a0\u00bb][\/et_pb_button][\/et_pb_column][\/et_pb_row][et_pb_row _builder_version=\u00a0\u00bb4.23.4&Prime; _module_preset=\u00a0\u00bbdefault\u00a0\u00bb custom_padding=\u00a0\u00bb||55px||false|false\u00a0\u00bb global_colors_info=\u00a0\u00bb{}\u00a0\u00bb][et_pb_column type=\u00a0\u00bb4_4&Prime; _builder_version=\u00a0\u00bb4.23.4&Prime; _module_preset=\u00a0\u00bbdefault\u00a0\u00bb global_colors_info=\u00a0\u00bb{}\u00a0\u00bb][dvmd_table_maker tbl_column_header_count=\u00a0\u00bb2&Prime; tbl_row_header_count=\u00a0\u00bb2&Prime; tbl_column_max_width=\u00a0\u00bb2fr\u00a0\u00bb tbl_top_left_mode=\u00a0\u00bbon\u00a0\u00bb tbl_responsive_breakpoint=\u00a0\u00bbmax_width_767&Prime; tbl_responsive_break_by=\u00a0\u00bbrow\u00a0\u00bb tbl_image_ids=\u00a0\u00bb32648,32639,32618,32621,34161,34173&Prime; tbl_image_quality=\u00a0\u00bbmedium_large\u00a0\u00bb tbl_image_proportion=\u00a0\u00bb100%\u00a0\u00bb tbl_image_align_horz=\u00a0\u00bb32%\u00a0\u00bb tbl_image_align_vert=\u00a0\u00bb66%\u00a0\u00bb tbl_frame_gap_col=\u00a0\u00bb20px\u00a0\u00bb tbl_frame_gap_row=\u00a0\u00bb20px\u00a0\u00bb tbl_tcell_cell_color=\u00a0\u00bb#eeeeee\u00a0\u00bb tbl_chead_cell_color=\u00a0\u00bb#eeeeee\u00a0\u00bb tbl_cfoot_cell_color=\u00a0\u00bb#eeeeee\u00a0\u00bb tbl_rhead_cell_color=\u00a0\u00bb#eeeeee\u00a0\u00bb tbl_rfoot_cell_color=\u00a0\u00bb#eeeeee\u00a0\u00bb admin_label=\u00a0\u00bbTable Maker\u00a0\u00bb _builder_version=\u00a0\u00bb4.27.4&Prime; _module_preset=\u00a0\u00bbdefault\u00a0\u00bb tbl_tcell_text_text_color=\u00a0\u00bb#6e6e6e\u00a0\u00bb tbl_chead_text_text_color=\u00a0\u00bb#6e6e6e\u00a0\u00bb hover_enabled=\u00a0\u00bb0&Prime; global_colors_info=\u00a0\u00bb{}\u00a0\u00bb custom_css_free_form=\u00a0\u00bbselector a:last-child{background:#006197; color: #fff; padding:5px; border-radius:5px;}||||selector a:last-child:hover{background:none; color: #006197; border:#006197 2px solid }\u00a0\u00bb sticky_enabled=\u00a0\u00bb0&Prime;][dvmd_table_maker_item col_content=\u00a0\u00bb<a href=%22\/fr\/mobilhomes-camping-escale-agde\/titania-mobilhome-6-personnes-agde.html%22><image>1<\/image><br \/><\/br><\/p>\n<h4><b>Type 1 : Titania<\/b><\/h4>\n<p><\/br><br \/><\/br>d\u00e9al pour passer d&rsquo;excellentes vacances en famille dans l&rsquo;H\u00e9rault, le mobilhome Titania vous offrira tout le confort n\u00e9cessaire&#8230; <\/a><br \/><\/br><br \/><\/br><a href=%22\/fr\/mobilhomes-camping-escale-agde\/titania-mobilhome-6-personnes-agde.html%22>En savoir plus<\/a>\u00a0\u00bb col_image_scale=\u00a0\u00bbcover\u00a0\u00bb col_tcell_cell_align_horz=\u00a0\u00bbcenter\u00a0\u00bb col_tcell_cell_align_vert=\u00a0\u00bbcenter\u00a0\u00bb _builder_version=\u00a0\u00bb4.27.4&Prime; _module_preset=\u00a0\u00bbdefault\u00a0\u00bb custom_button=\u00a0\u00bbon\u00a0\u00bb button_text_size=\u00a0\u00bb17px\u00a0\u00bb button_text_color=\u00a0\u00bbgcid-b47004f6-8429-404f-94f0-8931a106e0bb\u00a0\u00bb button_bg_color=\u00a0\u00bbRGBA(255,255,255,0)\u00a0\u00bb button_border_color=\u00a0\u00bbRGBA(255,255,255,0)\u00a0\u00bb button_use_icon=\u00a0\u00bboff\u00a0\u00bb hover_enabled=\u00a0\u00bb0&Prime; global_colors_info=\u00a0\u00bb{%22gcid-b47004f6-8429-404f-94f0-8931a106e0bb%22:%91%22button_text_color%22%93,%22gcid-443559f1-1fc1-46f6-ac0d-b4f5032700fe%22:%91%22button_text_color__hover%22%93}\u00a0\u00bb button_text_color__hover_enabled=\u00a0\u00bbon|hover\u00a0\u00bb button_text_color__hover=\u00a0\u00bb#ad6305&Prime; sticky_enabled=\u00a0\u00bb0&Prime;][\/dvmd_table_maker_item][dvmd_table_maker_item col_content=\u00a0\u00bb<a href=%22\/fr\/mobilhomes-camping-escale-agde\/super-venus-mobilhome-4-personnes-agde.html%22><image>2<\/image><br \/><\/br><\/p>\n<h4><b>Type 2 : Super Venus<\/b><\/h4>\n<p><\/br><br \/><\/br>Pr\u00eat \u00e0  accueillir jusqu&rsquo;\u00e0  4 convives, ce mobilhome climatis\u00e9 vous garantira un s\u00e9jour tout confort gr\u00e0\u00a2ce \u00e0  ses 2 chambres, son&#8230;<\/a><br \/><\/br><br \/><\/br><a href=%22\/fr\/mobilhomes-camping-escale-agde\/super-venus-mobilhome-4-personnes-agde.html%22> En savoir plus<\/a>\u00a0\u00bb col_image_scale=\u00a0\u00bbcover\u00a0\u00bb col_image_align_horz=\u00a0\u00bb38%\u00a0\u00bb col_tcell_cell_align_horz=\u00a0\u00bbcenter\u00a0\u00bb col_tcell_cell_align_vert=\u00a0\u00bbcenter\u00a0\u00bb _builder_version=\u00a0\u00bb4.27.4&Prime; _module_preset=\u00a0\u00bbdefault\u00a0\u00bb custom_button=\u00a0\u00bbon\u00a0\u00bb button_text_size=\u00a0\u00bb17px\u00a0\u00bb button_text_color=\u00a0\u00bbgcid-b47004f6-8429-404f-94f0-8931a106e0bb\u00a0\u00bb button_bg_color=\u00a0\u00bbRGBA(255,255,255,0)\u00a0\u00bb button_border_color=\u00a0\u00bbRGBA(255,255,255,0)\u00a0\u00bb button_use_icon=\u00a0\u00bboff\u00a0\u00bb hover_enabled=\u00a0\u00bb0&Prime; global_colors_info=\u00a0\u00bb{%22gcid-b47004f6-8429-404f-94f0-8931a106e0bb%22:%91%22button_text_color%22%93,%22gcid-443559f1-1fc1-46f6-ac0d-b4f5032700fe%22:%91%22button_text_color__hover%22%93}\u00a0\u00bb button_text_color__hover_enabled=\u00a0\u00bbon|hover\u00a0\u00bb button_text_color__hover=\u00a0\u00bb#ad6305&Prime; sticky_enabled=\u00a0\u00bb0&Prime;][\/dvmd_table_maker_item][dvmd_table_maker_item col_content=\u00a0\u00bb<a href=%22\/fr\/mobilhomes-camping-escale-agde\/sun-roller-mobilhome-2-personnes-agde.html%22><image>3<\/image><br \/><\/br><\/p>\n<h4><b>Type 3 : Sun Roller<\/b><\/h4>\n<p><\/br><br \/><\/br>Parfaitement adapt\u00e9 \u00e0  un couple sans enfant, le mobilhome Sun Roller, \u00e9conomique et fonctionel, mettra \u00e0  votre&#8230;<\/a><br \/><\/br><br \/><\/br><a href=%22\/fr\/mobilhomes-camping-escale-agde\/sun-roller-mobilhome-2-personnes-agde.html%22>En savoir plus<\/a>\u00a0\u00bb col_image_scale=\u00a0\u00bbcover\u00a0\u00bb col_tcell_cell_align_horz=\u00a0\u00bbcenter\u00a0\u00bb col_tcell_cell_align_vert=\u00a0\u00bbcenter\u00a0\u00bb _builder_version=\u00a0\u00bb4.27.4&Prime; _module_preset=\u00a0\u00bbdefault\u00a0\u00bb custom_button=\u00a0\u00bbon\u00a0\u00bb button_text_size=\u00a0\u00bb17px\u00a0\u00bb button_text_color=\u00a0\u00bbgcid-b47004f6-8429-404f-94f0-8931a106e0bb\u00a0\u00bb button_bg_color=\u00a0\u00bbRGBA(255,255,255,0)\u00a0\u00bb button_border_color=\u00a0\u00bbRGBA(255,255,255,0)\u00a0\u00bb button_use_icon=\u00a0\u00bboff\u00a0\u00bb hover_enabled=\u00a0\u00bb0&Prime; global_colors_info=\u00a0\u00bb{%22gcid-b47004f6-8429-404f-94f0-8931a106e0bb%22:%91%22button_text_color%22%93,%22gcid-443559f1-1fc1-46f6-ac0d-b4f5032700fe%22:%91%22button_text_color__hover%22%93}\u00a0\u00bb button_text_color__hover_enabled=\u00a0\u00bbon|hover\u00a0\u00bb button_text_color__hover=\u00a0\u00bb#ad6305&Prime; sticky_enabled=\u00a0\u00bb0&Prime;][\/dvmd_table_maker_item][dvmd_table_maker_item col_content=\u00a0\u00bb<a href=%22\/fr\/mobilhomes-camping-escale-agde\/super-titania-mobilhome-6-personnes-agde.html%22><image>4<\/image><br \/><\/br><\/p>\n<h4><b>Type 4 : Super Titania<\/b><\/h4>\n<p><\/br><br \/><\/br>Id\u00e9al pour passer d\u2019excellentes vacances en famille dans l\u2019H\u00e9rault, le mobilhome Super Titania climatis\u00e9 vous offrira tout le&#8230;<\/a><br \/><\/br><br \/><\/br><a href=%22\/fr\/mobilhomes-camping-escale-agde\/super-titania-mobilhome-6-personnes-agde.html%22> En savoir plus<\/a>\u00a0\u00bb col_image_scale=\u00a0\u00bbcover\u00a0\u00bb col_tcell_cell_align_horz=\u00a0\u00bbcenter\u00a0\u00bb col_tcell_cell_align_vert=\u00a0\u00bbcenter\u00a0\u00bb _builder_version=\u00a0\u00bb4.27.4&Prime; _module_preset=\u00a0\u00bbdefault\u00a0\u00bb custom_button=\u00a0\u00bbon\u00a0\u00bb button_text_size=\u00a0\u00bb17px\u00a0\u00bb button_text_color=\u00a0\u00bbgcid-b47004f6-8429-404f-94f0-8931a106e0bb\u00a0\u00bb button_bg_color=\u00a0\u00bbRGBA(255,255,255,0)\u00a0\u00bb button_border_color=\u00a0\u00bbRGBA(255,255,255,0)\u00a0\u00bb button_use_icon=\u00a0\u00bboff\u00a0\u00bb hover_enabled=\u00a0\u00bb0&Prime; global_colors_info=\u00a0\u00bb{%22gcid-b47004f6-8429-404f-94f0-8931a106e0bb%22:%91%22button_text_color%22%93,%22gcid-443559f1-1fc1-46f6-ac0d-b4f5032700fe%22:%91%22button_text_color__hover%22%93}\u00a0\u00bb button_text_color__hover_enabled=\u00a0\u00bbon|hover\u00a0\u00bb button_text_color__hover=\u00a0\u00bb#ad6305&Prime; sticky_enabled=\u00a0\u00bb0&Prime;][\/dvmd_table_maker_item][dvmd_table_maker_item col_content=\u00a0\u00bb<a href=%22\/fr\/mobilhomes-camping-escale-agde\/venus-mobilhome-4-personnes-agde.html%22><image>5<\/image><br \/><\/br><\/p>\n<h4><b>Type 5 : Venus<\/b><\/h4>\n<p><\/br><br \/><\/br>Pr\u00eat \u00e0  accueillir jusqu&rsquo;\u00e0  4 convives, ce mobilhome climatis\u00e9 vous garantira un s\u00e9jour tout confort gr\u00e0\u00a2ce \u00e0  ses 2 chambres, son&#8230;<\/a><br \/><\/br><br \/><\/br><a href=%22\/fr\/mobilhomes-camping-escale-agde\/venus-mobilhome-4-personnes-agde.html%22> En savoir plus <\/a>\u00a0\u00bb col_image_scale=\u00a0\u00bbcover\u00a0\u00bb col_image_align_horz=\u00a0\u00bb38%\u00a0\u00bb col_tcell_cell_align_horz=\u00a0\u00bbcenter\u00a0\u00bb col_tcell_cell_align_vert=\u00a0\u00bbcenter\u00a0\u00bb _builder_version=\u00a0\u00bb4.27.4&Prime; _module_preset=\u00a0\u00bbdefault\u00a0\u00bb custom_button=\u00a0\u00bbon\u00a0\u00bb button_text_size=\u00a0\u00bb17px\u00a0\u00bb button_text_color=\u00a0\u00bbgcid-b47004f6-8429-404f-94f0-8931a106e0bb\u00a0\u00bb button_bg_color=\u00a0\u00bbRGBA(255,255,255,0)\u00a0\u00bb button_border_color=\u00a0\u00bbRGBA(255,255,255,0)\u00a0\u00bb button_use_icon=\u00a0\u00bboff\u00a0\u00bb hover_enabled=\u00a0\u00bb0&Prime; global_colors_info=\u00a0\u00bb{%22gcid-b47004f6-8429-404f-94f0-8931a106e0bb%22:%91%22button_text_color%22%93,%22gcid-443559f1-1fc1-46f6-ac0d-b4f5032700fe%22:%91%22button_text_color__hover%22%93}\u00a0\u00bb button_text_color__hover_enabled=\u00a0\u00bbon|hover\u00a0\u00bb button_text_color__hover=\u00a0\u00bb#ad6305&Prime; sticky_enabled=\u00a0\u00bb0&Prime;][\/dvmd_table_maker_item][dvmd_table_maker_item col_content=\u00a0\u00bb<a href=%22\/fr\/mobilhomes-camping-escale-agde\/riviera-mobilhome-4-personnes-agde.html%22><image>6<\/image><br \/><\/br><\/p>\n<h4><b>Type 6 : Riviera<\/b><\/h4>\n<p><\/br><br \/><\/br>Pr\u00eat \u00e0  accueillir jusqu&rsquo;\u00e0  4 convives, ce mobilhome climatis\u00e9 vous garantira un s\u00e9jour tout confort gr\u00e0\u00a2ce \u00e0  ses 2 chambres, son&#8230;<\/a><br \/><\/br><br \/><\/br><a href=%22\/fr\/mobilhomes-camping-escale-agde\/riviera-mobilhome-4-personnes-agde.html%22> En savoir plus<\/a>\u00a0\u00bb col_image_scale=\u00a0\u00bbcover\u00a0\u00bb col_image_align_horz=\u00a0\u00bb38%\u00a0\u00bb col_tcell_cell_align_horz=\u00a0\u00bbcenter\u00a0\u00bb col_tcell_cell_align_vert=\u00a0\u00bbcenter\u00a0\u00bb _builder_version=\u00a0\u00bb4.27.4&Prime; _module_preset=\u00a0\u00bbdefault\u00a0\u00bb custom_button=\u00a0\u00bbon\u00a0\u00bb button_text_size=\u00a0\u00bb17px\u00a0\u00bb button_text_color=\u00a0\u00bbgcid-b47004f6-8429-404f-94f0-8931a106e0bb\u00a0\u00bb button_bg_color=\u00a0\u00bbRGBA(255,255,255,0)\u00a0\u00bb button_border_color=\u00a0\u00bbRGBA(255,255,255,0)\u00a0\u00bb button_use_icon=\u00a0\u00bboff\u00a0\u00bb hover_enabled=\u00a0\u00bb0&Prime; global_colors_info=\u00a0\u00bb{%22gcid-b47004f6-8429-404f-94f0-8931a106e0bb%22:%91%22button_text_color%22%93,%22gcid-443559f1-1fc1-46f6-ac0d-b4f5032700fe%22:%91%22button_text_color__hover%22%93}\u00a0\u00bb button_text_color__hover_enabled=\u00a0\u00bbon|hover\u00a0\u00bb button_text_color__hover=\u00a0\u00bb#ad6305&Prime; sticky_enabled=\u00a0\u00bb0&Prime;][\/dvmd_table_maker_item][\/dvmd_table_maker][\/et_pb_column][\/et_pb_row][\/et_pb_section]<\/p>\n","protected":false},"excerpt":{"rendered":"<p>Notre gamme de mobilhomes Le confort c&rsquo;est la cl\u00e9 pour un s\u00e9jour reposant. C&rsquo;est pour cette raison que nous vous proposons \u00e0\u00a0 la\u00a0location\u00a0une gamme de\u00a0mobilhomes\u00a0de qualit\u00e9.H\u00e9bergements mobil-homes, au\u00a0camping caravaning l&rsquo;Escale\u00a0, dans l&rsquo;H\u00e9rault\u00a0\u00e0\u00a0 la Tamarissi\u00e8re (Agde), en\u00a0Languedoc. <div class=\"et_pb_module dvmd_table_maker dvmd_table_maker_0 dvmd_tm_version_3_1_2\">\n\t\t\t\t\n\t\t\t\t\n\t\t\t\t\n\t\t\t\t\n\t\t\t\t\n\t\t\t\t\n\t\t\t\t<div class=\"et_pb_module_inner\">\n\t\t\t\t\t\n\t\t\t\t<\/div>\n\t\t\t<\/div><\/p>\n","protected":false},"author":1,"featured_media":0,"parent":0,"menu_order":0,"comment_status":"closed","ping_status":"closed","template":"","meta":{"_et_pb_use_builder":"on","_et_pb_old_content":"<!-- wp:divi\/placeholder \/-->","_et_gb_content_width":"","footnotes":""},"class_list":["post-28867","page","type-page","status-publish","hentry"],"_links":{"self":[{"href":"https:\/\/camping-lescale-agde.com\/fr\/wp-json\/wp\/v2\/pages\/28867","targetHints":{"allow":["GET"]}}],"collection":[{"href":"https:\/\/camping-lescale-agde.com\/fr\/wp-json\/wp\/v2\/pages"}],"about":[{"href":"https:\/\/camping-lescale-agde.com\/fr\/wp-json\/wp\/v2\/types\/page"}],"author":[{"embeddable":true,"href":"https:\/\/camping-lescale-agde.com\/fr\/wp-json\/wp\/v2\/users\/1"}],"replies":[{"embeddable":true,"href":"https:\/\/camping-lescale-agde.com\/fr\/wp-json\/wp\/v2\/comments?post=28867"}],"version-history":[{"count":42,"href":"https:\/\/camping-lescale-agde.com\/fr\/wp-json\/wp\/v2\/pages\/28867\/revisions"}],"predecessor-version":[{"id":34251,"href":"https:\/\/camping-lescale-agde.com\/fr\/wp-json\/wp\/v2\/pages\/28867\/revisions\/34251"}],"wp:attachment":[{"href":"https:\/\/camping-lescale-agde.com\/fr\/wp-json\/wp\/v2\/media?parent=28867"}],"curies":[{"name":"wp","href":"https:\/\/api.w.org\/{rel}","templated":true}]}}